{"id":7460,"date":"2021-01-13T16:29:55","date_gmt":"2021-01-13T16:29:55","guid":{"rendered":"https:\/\/smartmag.theme-sphere.com\/tech-blog\/"},"modified":"2025-10-06T00:30:36","modified_gmt":"2025-10-05T22:30:36","slug":"accueil","status":"publish","type":"page","link":"https:\/\/infosbooster.com\/","title":{"rendered":"Accueil"},"content":{"rendered":"<section data-id=\"7\">\n<section>\n<article>\n\t\t\t<a href=\"https:\/\/infosbooster.com\/?p=9778\" title=\"La banane camerounaise tient bon \u2014 m\u00eame quand le leader tr\u00e9buche\"><img loading=\"lazy\" width=\"768\" height=\"429\" src=\"https:\/\/infosbooster.com\/wp-content\/uploads\/2025\/10\/Infosbooster05-768x429.avif\" alt=\"\" sizes=\"auto, (max-width: 605px) 100vw, 605px\" title=\"La banane camerounaise tient bon \u2014 m\u00eame quand le leader tr\u00e9buche\" decoding=\"async\" srcset=\"https:\/\/infosbooster.com\/wp-content\/uploads\/2025\/10\/Infosbooster05-768x429.avif 768w, https:\/\/infosbooster.com\/wp-content\/uploads\/2025\/10\/Infosbooster05-1024x572.avif 1024w, https:\/\/infosbooster.com\/wp-content\/uploads\/2025\/10\/Infosbooster05-1200x670.avif 1200w, https:\/\/infosbooster.com\/wp-content\/uploads\/2025\/10\/Infosbooster05.avif 1376w\" \/><\/a><br \/>\n\t\t\t365<br \/>\n\t\t\t\t\t\t<a href=\"https:\/\/infosbooster.com\/?cat=163\" rel=\"category\" tabindex=\"-1\">A la une<\/a><\/p>\n<h2><a href=\"https:\/\/infosbooster.com\/?p=9778\">La banane camerounaise tient bon \u2014 m\u00eame quand le leader tr\u00e9buche<\/a><\/h2>\n<\/article>\n<article>\n\t\t\t<a href=\"https:\/\/infosbooster.com\/?p=9775\" title=\"Le Cameroun mise sur le poisson pour nourrir son avenir \u2014 et ses ambitions \u00e9conomiques\"><img loading=\"lazy\" width=\"768\" height=\"429\" src=\"https:\/\/infosbooster.com\/wp-content\/uploads\/2025\/10\/Infosbooster04-768x429.avif\" alt=\"\" sizes=\"auto, (max-width: 605px) 100vw, 605px\" title=\"Le Cameroun mise sur le poisson pour nourrir son avenir \u2014 et ses ambitions \u00e9conomiques\" decoding=\"async\" srcset=\"https:\/\/infosbooster.com\/wp-content\/uploads\/2025\/10\/Infosbooster04-768x429.avif 768w, https:\/\/infosbooster.com\/wp-content\/uploads\/2025\/10\/Infosbooster04-1024x572.avif 1024w, https:\/\/infosbooster.com\/wp-content\/uploads\/2025\/10\/Infosbooster04-1200x670.avif 1200w, https:\/\/infosbooster.com\/wp-content\/uploads\/2025\/10\/Infosbooster04.avif 1376w\" \/><\/a><br \/>\n\t\t\t364<br \/>\n\t\t\t\t\t\t<a href=\"https:\/\/infosbooster.com\/?cat=163\" rel=\"category\" tabindex=\"-1\">A la une<\/a><\/p>\n<h2><a href=\"https:\/\/infosbooster.com\/?p=9775\">Le Cameroun mise sur le poisson pour nourrir son avenir \u2014 et ses ambitions \u00e9conomiques<\/a><\/h2>\n<\/article>\n<article>\n\t\t\t<a href=\"https:\/\/infosbooster.com\/?p=9765\" title=\"Au Cameroun, le cacao vole la vedette au p\u00e9trole et redore le blason du commerce ext\u00e9rieur !\"><img loading=\"lazy\" width=\"768\" height=\"768\" src=\"https:\/\/infosbooster.com\/wp-content\/uploads\/2025\/10\/Infosbooster01-768x768.avif\" alt=\"\" sizes=\"auto, (max-width: 605px) 100vw, 605px\" title=\"Au Cameroun, le cacao vole la vedette au p\u00e9trole et redore le blason du commerce ext\u00e9rieur !\" decoding=\"async\" srcset=\"https:\/\/infosbooster.com\/wp-content\/uploads\/2025\/10\/Infosbooster01-768x768.avif 768w, https:\/\/infosbooster.com\/wp-content\/uploads\/2025\/10\/Infosbooster01.avif 1024w\" \/><\/a><br \/>\n\t\t\t536<br \/>\n\t\t\t\t\t\t<a href=\"https:\/\/infosbooster.com\/?cat=163\" rel=\"category\" tabindex=\"-1\">A la une<\/a><\/p>\n<h2><a href=\"https:\/\/infosbooster.com\/?p=9765\">Au Cameroun, le cacao vole la vedette au p\u00e9trole et redore le blason du commerce ext\u00e9rieur !<\/a><\/h2>\n<\/article>\n<\/section>\n<\/section>\n<h4> Les plus populaires<\/h4>\n<section data-id=\"8\">\n<section>\n<article>\n\t\t\t<a href=\"https:\/\/infosbooster.com\/?p=9778\" title=\"La banane camerounaise tient bon \u2014 m\u00eame quand le leader tr\u00e9buche\"><img loading=\"lazy\" width=\"768\" height=\"429\" src=\"https:\/\/infosbooster.com\/wp-content\/uploads\/2025\/10\/Infosbooster05-768x429.avif\" alt=\"\" sizes=\"auto, (max-width: 605px) 100vw, 605px\" title=\"La banane camerounaise tient bon \u2014 m\u00eame quand le leader tr\u00e9buche\" decoding=\"async\" srcset=\"https:\/\/infosbooster.com\/wp-content\/uploads\/2025\/10\/Infosbooster05-768x429.avif 768w, https:\/\/infosbooster.com\/wp-content\/uploads\/2025\/10\/Infosbooster05-1024x572.avif 1024w, https:\/\/infosbooster.com\/wp-content\/uploads\/2025\/10\/Infosbooster05-1200x670.avif 1200w, https:\/\/infosbooster.com\/wp-content\/uploads\/2025\/10\/Infosbooster05.avif 1376w\" \/><\/a><br \/>\n\t\t\t\t\t\t<a href=\"https:\/\/infosbooster.com\/?cat=163\" rel=\"category\" tabindex=\"-1\">A la une<\/a><\/p>\n<h2><a href=\"https:\/\/infosbooster.com\/?p=9778\">La banane camerounaise tient bon \u2014 m\u00eame quand le leader tr\u00e9buche<\/a><\/h2>\n<p><a href=\"https:\/\/infosbooster.com\/?author=1\" title=\"Articles par Infos Booster\" rel=\"author\">Infos Booster<\/a><time datetime=\"2025-10-06T00:15:24+02:00\">6 octobre 2025<\/time><br \/>\n<\/article>\n<article>\n\t\t\t<a href=\"https:\/\/infosbooster.com\/?p=9775\" title=\"Le Cameroun mise sur le poisson pour nourrir son avenir \u2014 et ses ambitions \u00e9conomiques\"><img loading=\"lazy\" width=\"450\" height=\"251\" src=\"https:\/\/infosbooster.com\/wp-content\/uploads\/2025\/10\/Infosbooster04-450x251.avif\" alt=\"\" sizes=\"auto, (max-width: 768px) 50vw, 350px\" title=\"Le Cameroun mise sur le poisson pour nourrir son avenir \u2014 et ses ambitions \u00e9conomiques\" decoding=\"async\" srcset=\"https:\/\/infosbooster.com\/wp-content\/uploads\/2025\/10\/Infosbooster04-1024x572.avif 1024w, https:\/\/infosbooster.com\/wp-content\/uploads\/2025\/10\/Infosbooster04-768x429.avif 768w, https:\/\/infosbooster.com\/wp-content\/uploads\/2025\/10\/Infosbooster04-1200x670.avif 1200w, https:\/\/infosbooster.com\/wp-content\/uploads\/2025\/10\/Infosbooster04.avif 1376w\" \/><\/a><br \/>\n\t\t\t\t\t\t<a href=\"https:\/\/infosbooster.com\/?cat=163\" rel=\"category\" tabindex=\"-1\">A la une<\/a><\/p>\n<h2><a href=\"https:\/\/infosbooster.com\/?p=9775\">Le Cameroun mise sur le poisson pour nourrir son avenir \u2014 et ses ambitions \u00e9conomiques<\/a><\/h2>\n<p><a href=\"https:\/\/infosbooster.com\/?author=1\" title=\"Articles par Infos Booster\" rel=\"author\">Infos Booster<\/a><time datetime=\"2025-10-06T00:06:07+02:00\">6 octobre 2025<\/time><br \/>\n<\/article>\n<article>\n\t\t\t<a href=\"https:\/\/infosbooster.com\/?p=9772\" title=\"Le Cameroun croque dans l\u2019avenir : l\u2019agroalimentaire s\u2019impose comme un pilier de l\u2019export\"><img loading=\"lazy\" width=\"450\" height=\"251\" src=\"https:\/\/infosbooster.com\/wp-content\/uploads\/2025\/10\/Infosbooster03-450x251.avif\" alt=\"\" sizes=\"auto, (max-width: 768px) 50vw, 350px\" title=\"Le Cameroun croque dans l\u2019avenir : l\u2019agroalimentaire s\u2019impose comme un pilier de l\u2019export\" decoding=\"async\" srcset=\"https:\/\/infosbooster.com\/wp-content\/uploads\/2025\/10\/Infosbooster03-1024x571.avif 1024w, https:\/\/infosbooster.com\/wp-content\/uploads\/2025\/10\/Infosbooster03-768x428.avif 768w, https:\/\/infosbooster.com\/wp-content\/uploads\/2025\/10\/Infosbooster03-1536x857.avif 1536w, https:\/\/infosbooster.com\/wp-content\/uploads\/2025\/10\/Infosbooster03-1200x669.avif 1200w, https:\/\/infosbooster.com\/wp-content\/uploads\/2025\/10\/Infosbooster03.avif 1664w\" \/><\/a><br \/>\n\t\t\t\t\t\t<a href=\"https:\/\/infosbooster.com\/?cat=164\" rel=\"category\" tabindex=\"-1\">Agriculture<\/a><\/p>\n<h2><a href=\"https:\/\/infosbooster.com\/?p=9772\">Le Cameroun croque dans l\u2019avenir : l\u2019agroalimentaire s\u2019impose comme un pilier de l\u2019export<\/a><\/h2>\n<p><a href=\"https:\/\/infosbooster.com\/?author=1\" title=\"Articles par Infos Booster\" rel=\"author\">Infos Booster<\/a><time datetime=\"2025-10-06T00:00:40+02:00\">6 octobre 2025<\/time><br \/>\n<\/article>\n<article>\n\t\t\t<a href=\"https:\/\/infosbooster.com\/?p=9769\" title=\"L\u2019UE repousse (peut-\u00eatre) l\u2019\u00e9ch\u00e9ance anti-d\u00e9forestation : une bouff\u00e9e d\u2019air pour le Cameroun\"><img loading=\"lazy\" width=\"768\" height=\"768\" src=\"https:\/\/infosbooster.com\/wp-content\/uploads\/2025\/10\/Infosbooster02-768x768.avif\" alt=\"\" sizes=\"auto, (max-width: 605px) 100vw, 605px\" title=\"L\u2019UE repousse (peut-\u00eatre) l\u2019\u00e9ch\u00e9ance anti-d\u00e9forestation : une bouff\u00e9e d\u2019air pour le Cameroun\" decoding=\"async\" srcset=\"https:\/\/infosbooster.com\/wp-content\/uploads\/2025\/10\/Infosbooster02-768x768.avif 768w, https:\/\/infosbooster.com\/wp-content\/uploads\/2025\/10\/Infosbooster02-1024x1024.avif 1024w, https:\/\/infosbooster.com\/wp-content\/uploads\/2025\/10\/Infosbooster02-1200x1200.avif 1200w, https:\/\/infosbooster.com\/wp-content\/uploads\/2025\/10\/Infosbooster02.avif 1328w\" \/><\/a><br \/>\n\t\t\t\t\t\t<a href=\"https:\/\/infosbooster.com\/?cat=164\" rel=\"category\" tabindex=\"-1\">Agriculture<\/a><\/p>\n<h2><a href=\"https:\/\/infosbooster.com\/?p=9769\">L\u2019UE repousse (peut-\u00eatre) l\u2019\u00e9ch\u00e9ance anti-d\u00e9forestation : une bouff\u00e9e d\u2019air pour le Cameroun<\/a><\/h2>\n<p><a href=\"https:\/\/infosbooster.com\/?author=1\" title=\"Articles par Infos Booster\" rel=\"author\">Infos Booster<\/a><time datetime=\"2025-10-05T23:55:51+02:00\">5 octobre 2025<\/time><br \/>\n<\/article>\n<article>\n\t\t\t<a href=\"https:\/\/infosbooster.com\/?p=9765\" title=\"Au Cameroun, le cacao vole la vedette au p\u00e9trole et redore le blason du commerce ext\u00e9rieur !\"><img loading=\"lazy\" width=\"450\" height=\"450\" src=\"https:\/\/infosbooster.com\/wp-content\/uploads\/2025\/10\/Infosbooster01-450x450.avif\" alt=\"\" sizes=\"auto, (max-width: 768px) 50vw, 350px\" title=\"Au Cameroun, le cacao vole la vedette au p\u00e9trole et redore le blason du commerce ext\u00e9rieur !\" decoding=\"async\" srcset=\"https:\/\/infosbooster.com\/wp-content\/uploads\/2025\/10\/Infosbooster01-450x450.avif 450w, https:\/\/infosbooster.com\/wp-content\/uploads\/2025\/10\/Infosbooster01-768x768.avif 768w, https:\/\/infosbooster.com\/wp-content\/uploads\/2025\/10\/Infosbooster01.avif 1024w\" \/><\/a><br \/>\n\t\t\t\t\t\t<a href=\"https:\/\/infosbooster.com\/?cat=163\" rel=\"category\" tabindex=\"-1\">A la une<\/a><\/p>\n<h2><a href=\"https:\/\/infosbooster.com\/?p=9765\">Au Cameroun, le cacao vole la vedette au p\u00e9trole et redore le blason du commerce ext\u00e9rieur !<\/a><\/h2>\n<p><a href=\"https:\/\/infosbooster.com\/?author=1\" title=\"Articles par Infos Booster\" rel=\"author\">Infos Booster<\/a><time datetime=\"2025-10-05T23:44:39+02:00\">5 octobre 2025<\/time><br \/>\n<\/article>\n<\/section>\n<\/section>\n<h4>Derni\u00e8res actualit\u00e9s<\/h4>\n<section data-id=\"9\" data-block=\"{&quot;id&quot;:&quot;posts-list&quot;,&quot;props&quot;:{&quot;cat_labels&quot;:&quot;0&quot;,&quot;cat_labels_pos&quot;:&quot;bot-left&quot;,&quot;reviews&quot;:&quot;none&quot;,&quot;post_formats_pos&quot;:&quot;center&quot;,&quot;load_more_style&quot;:&quot;c&quot;,&quot;meta_cat_style&quot;:&quot;text&quot;,&quot;media_style_shadow&quot;:&quot;1&quot;,&quot;meta_sponsor&quot;:&quot;0&quot;,&quot;meta_sponsor_logo&quot;:0,&quot;meta_sponsor_label&quot;:&quot;Sponsor: {sponsor}&quot;,&quot;meta_sponsor_above&quot;:[],&quot;meta_sponsor_below&quot;:[&quot;sponsor&quot;,&quot;date&quot;],&quot;media_ratio&quot;:&quot;custom&quot;,&quot;media_ratio_custom&quot;:1.3,&quot;media_width&quot;:24,&quot;read_more&quot;:&quot;none&quot;,&quot;posts&quot;:20,&quot;columns&quot;:&quot;1&quot;,&quot;space_below&quot;:&quot;sm&quot;,&quot;content_vcenter&quot;:&quot;1&quot;,&quot;container_width&quot;:66,&quot;separators&quot;:&quot;&quot;,&quot;heading_type&quot;:&quot;none&quot;,&quot;meta_items_default&quot;:false,&quot;meta_above&quot;:[&quot;views&quot;,&quot;cat&quot;],&quot;media_vpos&quot;:&quot;center&quot;,&quot;excerpt_lines&quot;:&quot;2&quot;,&quot;pagination&quot;:&quot;1&quot;,&quot;excerpt_length&quot;:50,&quot;query_type&quot;:&quot;section&quot;,&quot;pagination_links&quot;:null,&quot;meta_sponsor_items_default&quot;:true,&quot;sort_days&quot;:null,&quot;is_sc_call&quot;:true,&quot;section_query&quot;:{&quot;post_ids&quot;:[],&quot;exclude_ids&quot;:[],&quot;tax_ids&quot;:[],&quot;cat&quot;:&quot;12&quot;,&quot;sort_by&quot;:&quot;&quot;,&quot;sort_days&quot;:30,&quot;sort_order&quot;:&quot;&quot;,&quot;terms&quot;:[],&quot;offset&quot;:&quot;&quot;,&quot;reviews_only&quot;:&quot;&quot;,&quot;tags&quot;:[],&quot;post_formats&quot;:[],&quot;exclude_tags&quot;:[],&quot;taxonomy&quot;:&quot;&quot;,&quot;post_type&quot;:&quot;&quot;,&quot;query_id&quot;:&quot;&quot;,&quot;exclude_current&quot;:false}}}\">\n<article>\n\t\t\t<a href=\"https:\/\/infosbooster.com\/?p=9778\" title=\"La banane camerounaise tient bon \u2014 m\u00eame quand le leader tr\u00e9buche\"><img loading=\"lazy\" width=\"196\" height=\"151\" src=\"https:\/\/infosbooster.com\/wp-content\/uploads\/2025\/10\/Infosbooster05-300x167.avif\" alt=\"\" sizes=\"auto, (max-width: 196px) 100vw, 196px\" title=\"La banane camerounaise tient bon \u2014 m\u00eame quand le leader tr\u00e9buche\" decoding=\"async\" srcset=\"https:\/\/infosbooster.com\/wp-content\/uploads\/2025\/10\/Infosbooster05-300x167.avif 300w, https:\/\/infosbooster.com\/wp-content\/uploads\/2025\/10\/Infosbooster05-1024x572.avif 1024w, https:\/\/infosbooster.com\/wp-content\/uploads\/2025\/10\/Infosbooster05-768x429.avif 768w, https:\/\/infosbooster.com\/wp-content\/uploads\/2025\/10\/Infosbooster05-450x251.avif 450w, https:\/\/infosbooster.com\/wp-content\/uploads\/2025\/10\/Infosbooster05-1200x670.avif 1200w, https:\/\/infosbooster.com\/wp-content\/uploads\/2025\/10\/Infosbooster05.avif 1376w\" \/><\/a><br \/>\n\t\t\t365 Vues<br \/>\n\t\t\t\t\t\t<a href=\"https:\/\/infosbooster.com\/?cat=163\" rel=\"category\">A la une<\/a><\/p>\n<h2><a href=\"https:\/\/infosbooster.com\/?p=9778\">La banane camerounaise tient bon \u2014 m\u00eame quand le leader tr\u00e9buche<\/a><\/h2>\n<p>Juillet 2025 aura \u00e9t\u00e9 un mois un peu plus l\u00e9ger pour les bananeraies du Haut Penja. La Soci\u00e9t\u00e9 des Plantations du Haut Penja (PHP), habitu\u00e9e \u00e0 dominer le classement comme une star incontest\u00e9e, a vu ses exportations reculer de 10 % ce mois-ci : 10 208 tonnes exp\u00e9di\u00e9es contre 11&hellip;<\/p>\n<\/article>\n<article>\n\t\t\t<a href=\"https:\/\/infosbooster.com\/?p=9775\" title=\"Le Cameroun mise sur le poisson pour nourrir son avenir \u2014 et ses ambitions \u00e9conomiques\"><img loading=\"lazy\" width=\"196\" height=\"151\" src=\"https:\/\/infosbooster.com\/wp-content\/uploads\/2025\/10\/Infosbooster04-300x167.avif\" alt=\"\" sizes=\"auto, (max-width: 196px) 100vw, 196px\" title=\"Le Cameroun mise sur le poisson pour nourrir son avenir \u2014 et ses ambitions \u00e9conomiques\" decoding=\"async\" srcset=\"https:\/\/infosbooster.com\/wp-content\/uploads\/2025\/10\/Infosbooster04-300x167.avif 300w, https:\/\/infosbooster.com\/wp-content\/uploads\/2025\/10\/Infosbooster04-1024x572.avif 1024w, https:\/\/infosbooster.com\/wp-content\/uploads\/2025\/10\/Infosbooster04-768x429.avif 768w, https:\/\/infosbooster.com\/wp-content\/uploads\/2025\/10\/Infosbooster04-450x251.avif 450w, https:\/\/infosbooster.com\/wp-content\/uploads\/2025\/10\/Infosbooster04-1200x670.avif 1200w, https:\/\/infosbooster.com\/wp-content\/uploads\/2025\/10\/Infosbooster04.avif 1376w\" \/><\/a><br \/>\n\t\t\t364 Vues<br \/>\n\t\t\t\t\t\t<a href=\"https:\/\/infosbooster.com\/?cat=163\" rel=\"category\">A la une<\/a><\/p>\n<h2><a href=\"https:\/\/infosbooster.com\/?p=9775\">Le Cameroun mise sur le poisson pour nourrir son avenir \u2014 et ses ambitions \u00e9conomiques<\/a><\/h2>\n<p>Imaginez un \u00e9tang o\u00f9 les poissons grandissent deux fois plus vite, survivent mieux, et rapportent davantage \u00e0 ceux qui les \u00e9l\u00e8vent. Ce n\u2019est pas de la science-fiction : c\u2019est bel et bien en train de se passer au Cameroun, gr\u00e2ce \u00e0 un projet audacieux baptis\u00e9 PD-CVEP \u2014 ou, en bon&hellip;<\/p>\n<\/article>\n<article>\n\t\t\t<a href=\"https:\/\/infosbooster.com\/?p=9772\" title=\"Le Cameroun croque dans l\u2019avenir : l\u2019agroalimentaire s\u2019impose comme un pilier de l\u2019export\"><img loading=\"lazy\" width=\"196\" height=\"151\" src=\"https:\/\/infosbooster.com\/wp-content\/uploads\/2025\/10\/Infosbooster03-300x167.avif\" alt=\"\" sizes=\"auto, (max-width: 196px) 100vw, 196px\" title=\"Le Cameroun croque dans l\u2019avenir : l\u2019agroalimentaire s\u2019impose comme un pilier de l\u2019export\" decoding=\"async\" srcset=\"https:\/\/infosbooster.com\/wp-content\/uploads\/2025\/10\/Infosbooster03-300x167.avif 300w, https:\/\/infosbooster.com\/wp-content\/uploads\/2025\/10\/Infosbooster03-1024x571.avif 1024w, https:\/\/infosbooster.com\/wp-content\/uploads\/2025\/10\/Infosbooster03-768x428.avif 768w, https:\/\/infosbooster.com\/wp-content\/uploads\/2025\/10\/Infosbooster03-1536x857.avif 1536w, https:\/\/infosbooster.com\/wp-content\/uploads\/2025\/10\/Infosbooster03-450x251.avif 450w, https:\/\/infosbooster.com\/wp-content\/uploads\/2025\/10\/Infosbooster03-1200x669.avif 1200w, https:\/\/infosbooster.com\/wp-content\/uploads\/2025\/10\/Infosbooster03.avif 1664w\" \/><\/a><br \/>\n\t\t\t901 Vues<br \/>\n\t\t\t\t\t\t<a href=\"https:\/\/infosbooster.com\/?cat=164\" rel=\"category\">Agriculture<\/a><\/p>\n<h2><a href=\"https:\/\/infosbooster.com\/?p=9772\">Le Cameroun croque dans l\u2019avenir : l\u2019agroalimentaire s\u2019impose comme un pilier de l\u2019export<\/a><\/h2>\n<p>Bonne nouvelle pour les amoureux du \u00ab made in Cameroon \u00bb : le pays vient de signer sa meilleure performance en exportations agroalimentaires depuis 2019 ! Selon le tout r\u00e9cent rapport des Comptes nationaux 2024 publi\u00e9 par l\u2019Institut national de la statistique (INS), les recettes tir\u00e9es de la vente \u00e0&hellip;<\/p>\n<\/article>\n<article>\n\t\t\t<a href=\"https:\/\/infosbooster.com\/?p=9769\" title=\"L\u2019UE repousse (peut-\u00eatre) l\u2019\u00e9ch\u00e9ance anti-d\u00e9forestation : une bouff\u00e9e d\u2019air pour le Cameroun\"><img loading=\"lazy\" width=\"196\" height=\"151\" src=\"https:\/\/infosbooster.com\/wp-content\/uploads\/2025\/10\/Infosbooster02-300x300.avif\" alt=\"\" sizes=\"auto, (max-width: 196px) 100vw, 196px\" title=\"L\u2019UE repousse (peut-\u00eatre) l\u2019\u00e9ch\u00e9ance anti-d\u00e9forestation : une bouff\u00e9e d\u2019air pour le Cameroun\" decoding=\"async\" srcset=\"https:\/\/infosbooster.com\/wp-content\/uploads\/2025\/10\/Infosbooster02-300x300.avif 300w, https:\/\/infosbooster.com\/wp-content\/uploads\/2025\/10\/Infosbooster02-1024x1024.avif 1024w, https:\/\/infosbooster.com\/wp-content\/uploads\/2025\/10\/Infosbooster02-768x768.avif 768w, https:\/\/infosbooster.com\/wp-content\/uploads\/2025\/10\/Infosbooster02-450x450.avif 450w, https:\/\/infosbooster.com\/wp-content\/uploads\/2025\/10\/Infosbooster02-1200x1200.avif 1200w, https:\/\/infosbooster.com\/wp-content\/uploads\/2025\/10\/Infosbooster02.avif 1328w\" \/><\/a><br \/>\n\t\t\t655 Vues<br \/>\n\t\t\t\t\t\t<a href=\"https:\/\/infosbooster.com\/?cat=164\" rel=\"category\">Agriculture<\/a><\/p>\n<h2><a href=\"https:\/\/infosbooster.com\/?p=9769\">L\u2019UE repousse (peut-\u00eatre) l\u2019\u00e9ch\u00e9ance anti-d\u00e9forestation : une bouff\u00e9e d\u2019air pour le Cameroun<\/a><\/h2>\n<p>Bonne nouvelle venue de Bruxelles ! L\u2019Union europ\u00e9enne envisage de repousser d\u2019un an l\u2019entr\u00e9e en vigueur de son fameux R\u00e8glement sur la d\u00e9forestation (RDUE), initialement pr\u00e9vue pour le 1er janvier 2026. Si tout se confirme, les exportateurs camerounais \u2014 et ceux de bien d\u2019autres pays \u2014 auront jusqu\u2019au 1er janvier&hellip;<\/p>\n<\/article>\n<article>\n\t\t\t<a href=\"https:\/\/infosbooster.com\/?p=9765\" title=\"Au Cameroun, le cacao vole la vedette au p\u00e9trole et redore le blason du commerce ext\u00e9rieur !\"><img loading=\"lazy\" width=\"196\" height=\"151\" src=\"https:\/\/infosbooster.com\/wp-content\/uploads\/2025\/10\/Infosbooster01-300x300.avif\" alt=\"\" sizes=\"auto, (max-width: 196px) 100vw, 196px\" title=\"Au Cameroun, le cacao vole la vedette au p\u00e9trole et redore le blason du commerce ext\u00e9rieur !\" decoding=\"async\" srcset=\"https:\/\/infosbooster.com\/wp-content\/uploads\/2025\/10\/Infosbooster01-300x300.avif 300w, https:\/\/infosbooster.com\/wp-content\/uploads\/2025\/10\/Infosbooster01-768x768.avif 768w, https:\/\/infosbooster.com\/wp-content\/uploads\/2025\/10\/Infosbooster01-450x450.avif 450w, https:\/\/infosbooster.com\/wp-content\/uploads\/2025\/10\/Infosbooster01.avif 1024w\" \/><\/a><br \/>\n\t\t\t536 Vues<br \/>\n\t\t\t\t\t\t<a href=\"https:\/\/infosbooster.com\/?cat=163\" rel=\"category\">A la une<\/a><\/p>\n<h2><a href=\"https:\/\/infosbooster.com\/?p=9765\">Au Cameroun, le cacao vole la vedette au p\u00e9trole et redore le blason du commerce ext\u00e9rieur !<\/a><\/h2>\n<p>Imaginez un peu : au premier trimestre 2025, c\u2019est une f\u00e8ve brune, humble et parfum\u00e9e, qui fait danser les caisses de l\u2019\u00c9tat camerounais. Oui, vous avez bien lu : le cacao, cette petite merveille cultiv\u00e9e avec amour par des milliers d\u2019agriculteurs \u00e0 travers le pays, vient de d\u00e9tr\u00f4ner le p\u00e9trole&hellip;<\/p>\n<\/article>\n<nav data-type=\"numbers-ajax\">\n\t\t\t<\/nav>\n<\/section>\n<h4>En kiosque<\/h4>\n<p>\t\t\t\t\t\t\t\t\t\t\t\t\t\t\t<img loading=\"lazy\" decoding=\"async\" width=\"767\" height=\"1024\" src=\"https:\/\/infosbooster.com\/wp-content\/uploads\/2025\/03\/66693e78-58f8-487d-a26a-a2c964bacf4d-767x1024-1.webp\" alt=\"\" srcset=\"https:\/\/infosbooster.com\/wp-content\/uploads\/2025\/03\/66693e78-58f8-487d-a26a-a2c964bacf4d-767x1024-1.webp 767w, https:\/\/infosbooster.com\/wp-content\/uploads\/2025\/03\/66693e78-58f8-487d-a26a-a2c964bacf4d-767x1024-1-225x300.webp 225w, https:\/\/infosbooster.com\/wp-content\/uploads\/2025\/03\/66693e78-58f8-487d-a26a-a2c964bacf4d-767x1024-1-150x200.webp 150w, https:\/\/infosbooster.com\/wp-content\/uploads\/2025\/03\/66693e78-58f8-487d-a26a-a2c964bacf4d-767x1024-1-450x601.webp 450w\" sizes=\"auto, (max-width: 767px) 100vw, 767px\" \/>\t\t\t\t\t\t\t\t\t\t\t\t\t\t\t<\/p>\n<h4>Newsletter<\/h4>\n<h3>\n\t\t\t\t\t\t\t<\/h3>\n<p>\u00a0\ud83d\udc49 Inscrivez-vous d\u00e8s maintenant pour ne rien rater !<\/p>\n<form method=\"post\" action=\"\" target=\"_blank\">\n<p>\n\t\t\t\t\t\t\t<input type=\"email\" name=\"EMAIL\" placeholder=\"Votre adresse e-mail..\" required \/>\n\t\t\t\t\t\t<\/p>\n<p>\n\t\t\t\t\t\t\t<input type=\"submit\" value=\"S&#039;abonner\" \/>\n\t\t\t\t\t\t<\/p>\n<p>\n\t\t\t\t\t\t\t<label><br \/>\n\t\t\t\t\t\t\t\t\t\t\t\t\t\t\t\t\t<input type=\"checkbox\" name=\"privacy\" required \/><br \/>\n\t\t\t\t\t\t\t\t\ud83d\udd12 Confidentialit\u00e9 garantie : nous ne partagerons jamais votre adresse email avec qui que ce soit. <a href=\"https:\/\/infosbooster.com\/?page_id=3\">Politique de confidentialit\u00e9<\/a>.\t\t\t\t\t\t\t<\/label>\n\t\t\t\t\t\t<\/p>\n<\/p><\/form>\n","protected":false},"excerpt":{"rendered":"<p>365 A la une La banane camerounaise tient bon \u2014 m\u00eame quand le leader tr\u00e9buche 364 A la une Le Cameroun mise sur le poisson pour nourrir son avenir \u2014 et ses ambitions \u00e9conomiques 536 A la une Au Cameroun, le cacao vole la vedette au p\u00e9trole et redore le blason du commerce ext\u00e9rieur !<\/p>\n","protected":false},"author":1,"featured_media":0,"parent":0,"menu_order":0,"comment_status":"closed","ping_status":"closed","template":"page-templates\/no-wrapper.php","meta":{"footnotes":""},"class_list":["post-7460","page","type-page","status-publish"],"_links":{"self":[{"href":"https:\/\/infosbooster.com\/index.php?rest_route=\/wp\/v2\/pages\/7460","targetHints":{"allow":["GET"]}}],"collection":[{"href":"https:\/\/infosbooster.com\/index.php?rest_route=\/wp\/v2\/pages"}],"about":[{"href":"https:\/\/infosbooster.com\/index.php?rest_route=\/wp\/v2\/types\/page"}],"author":[{"embeddable":true,"href":"https:\/\/infosbooster.com\/index.php?rest_route=\/wp\/v2\/users\/1"}],"replies":[{"embeddable":true,"href":"https:\/\/infosbooster.com\/index.php?rest_route=%2Fwp%2Fv2%2Fcomments&post=7460"}],"version-history":[{"count":530,"href":"https:\/\/infosbooster.com\/index.php?rest_route=\/wp\/v2\/pages\/7460\/revisions"}],"predecessor-version":[{"id":9799,"href":"https:\/\/infosbooster.com\/index.php?rest_route=\/wp\/v2\/pages\/7460\/revisions\/9799"}],"wp:attachment":[{"href":"https:\/\/infosbooster.com\/index.php?rest_route=%2Fwp%2Fv2%2Fmedia&parent=7460"}],"curies":[{"name":"wp","href":"https:\/\/api.w.org\/{rel}","templated":true}]}}