{"id":571,"date":"2021-01-17T11:58:11","date_gmt":"2021-01-17T11:58:11","guid":{"rendered":"https:\/\/smartmag.theme-sphere.com\/tech-blog\/our-authors\/"},"modified":"2025-05-18T10:16:43","modified_gmt":"2025-05-18T08:16:43","slug":"mentions-legales","status":"publish","type":"page","link":"https:\/\/infosbooster.com\/?page_id=571","title":{"rendered":"Mentions l\u00e9gales"},"content":{"rendered":"\n<h2 class=\"wp-block-heading\" id=\"h-mentions-legales-infosbooster-com\"><strong>Mentions l\u00e9gales \u2013 Infosbooster.com<\/strong><\/h2>\n\n\n<p><strong>\u00c9diteur du site<\/strong><\/p>\n\n\n<ul class=\"wp-block-list\">\n<li><strong>Nom<\/strong> : Vitrine Consulting<\/li>\n\n\n<li><strong>Nom commercial<\/strong> : Infos Booster<\/li>\n\n\n<li><strong>Statut juridique<\/strong> : Entrepreneur individuel <em>(ou autre statut \u00e0 pr\u00e9ciser)<\/em><\/li>\n\n\n<li><strong>Adresse<\/strong> : Yaound\u00e9, Cameroun <em>(\u00e0 adapter si besoin)<\/em><\/li>\n\n\n<li><strong>T\u00e9l\u00e9phone<\/strong> : (+1) 404 984 2919<\/li>\n\n\n<li><strong>Email<\/strong> : <a>contact@infosbooster.com<\/a><\/li>\n\n\n<li><strong>Directeur de la publication<\/strong> : Vicosa<\/li>\n\n\n<li><strong>Responsable de la r\u00e9daction<\/strong> : Vicosa<\/li>\n<\/ul>\n\n\n<p><strong>H\u00e9bergement<\/strong><br>Le site <strong>infosbooster.com<\/strong> est h\u00e9berg\u00e9 par :<\/p>\n\n\n<ul class=\"wp-block-list\">\n<li><strong>H\u00e9bergeur<\/strong> : Hostinger International Ltd.<\/li>\n\n\n<li><strong>Adresse<\/strong> : 61 Lordou Vironos Street, 6023 Larnaca, Chypre<\/li>\n\n\n<li><strong>Site web<\/strong> : <a href=\"https:\/\/www.hostinger.com\">https:\/\/www.hostinger.com<\/a><\/li>\n<\/ul>\n\n\n<p><strong>Propri\u00e9t\u00e9 intellectuelle<\/strong><br>Tous les \u00e9l\u00e9ments du site <strong>infosbooster.com<\/strong> (textes, images, vid\u00e9os, logos, design\u2026) sont prot\u00e9g\u00e9s par les lois relatives \u00e0 la propri\u00e9t\u00e9 intellectuelle. Toute reproduction totale ou partielle est strictement interdite sans l\u2019autorisation \u00e9crite de l\u2019\u00e9diteur.<\/p>\n\n\n<p><strong>Responsabilit\u00e9<\/strong><br>Le site <strong>infosbooster.com<\/strong> propose des contenus \u00e0 titre informatif. Malgr\u00e9 le soin apport\u00e9 \u00e0 la r\u00e9daction, des erreurs ou omissions peuvent subsister. L\u2019\u00e9diteur d\u00e9cline toute responsabilit\u00e9 quant \u00e0 l\u2019usage qui pourrait en \u00eatre fait par les visiteurs.<\/p>\n\n\n<p><strong>Cookies<\/strong><br>Des cookies peuvent \u00eatre utilis\u00e9s pour am\u00e9liorer l\u2019exp\u00e9rience utilisateur, r\u00e9aliser des statistiques de fr\u00e9quentation ou proposer des contenus cibl\u00e9s. Vous pouvez configurer leur usage dans les param\u00e8tres de votre navigateur.<\/p>\n\n\n<p><strong>Donn\u00e9es personnelles<\/strong><br>Les informations collect\u00e9es via les formulaires ou outils du site sont destin\u00e9es uniquement \u00e0 <strong>Infos Booster<\/strong>. Conform\u00e9ment \u00e0 la loi applicable, vous disposez d\u2019un droit d\u2019acc\u00e8s, de rectification et de suppression de vos donn\u00e9es personnelles. Pour toute demande : <strong><a>contact@infosbooster.com<\/a><\/strong><\/p>\n\n\n<p><strong>Droit applicable<\/strong><br>Le site est soumis \u00e0 la l\u00e9gislation camerounaise. En cas de litige, les juridictions comp\u00e9tentes seront celles du ressort de Yaound\u00e9, Cameroun.<\/p>\n","protected":false},"excerpt":{"rendered":"<p>Mentions l\u00e9gales \u2013 Infosbooster.com \u00c9diteur du site H\u00e9bergementLe site infosbooster.com est h\u00e9berg\u00e9 par : Propri\u00e9t\u00e9 intellectuelleTous les \u00e9l\u00e9ments du site infosbooster.com (textes, images, vid\u00e9os, logos, design\u2026) sont prot\u00e9g\u00e9s par les lois relatives \u00e0 la propri\u00e9t\u00e9 intellectuelle. Toute reproduction totale ou partielle est strictement interdite sans l\u2019autorisation \u00e9crite de l\u2019\u00e9diteur. Responsabilit\u00e9Le site infosbooster.com propose des contenus<\/p>\n","protected":false},"author":1,"featured_media":0,"parent":0,"menu_order":0,"comment_status":"closed","ping_status":"closed","template":"page-templates\/authors.php","meta":{"footnotes":""},"class_list":["post-571","page","type-page","status-publish"],"_links":{"self":[{"href":"https:\/\/infosbooster.com\/index.php?rest_route=\/wp\/v2\/pages\/571","targetHints":{"allow":["GET"]}}],"collection":[{"href":"https:\/\/infosbooster.com\/index.php?rest_route=\/wp\/v2\/pages"}],"about":[{"href":"https:\/\/infosbooster.com\/index.php?rest_route=\/wp\/v2\/types\/page"}],"author":[{"embeddable":true,"href":"https:\/\/infosbooster.com\/index.php?rest_route=\/wp\/v2\/users\/1"}],"replies":[{"embeddable":true,"href":"https:\/\/infosbooster.com\/index.php?rest_route=%2Fwp%2Fv2%2Fcomments&post=571"}],"version-history":[{"count":15,"href":"https:\/\/infosbooster.com\/index.php?rest_route=\/wp\/v2\/pages\/571\/revisions"}],"predecessor-version":[{"id":9518,"href":"https:\/\/infosbooster.com\/index.php?rest_route=\/wp\/v2\/pages\/571\/revisions\/9518"}],"wp:attachment":[{"href":"https:\/\/infosbooster.com\/index.php?rest_route=%2Fwp%2Fv2%2Fmedia&parent=571"}],"curies":[{"name":"wp","href":"https:\/\/api.w.org\/{rel}","templated":true}]}}