{"id":565,"date":"2021-01-17T11:50:11","date_gmt":"2021-01-17T11:50:11","guid":{"rendered":"https:\/\/smartmag.theme-sphere.com\/tech-blog\/get-in-touch\/"},"modified":"2025-09-03T16:10:46","modified_gmt":"2025-09-03T14:10:46","slug":"vous-avez-une-question-une-suggestion-ou-une-opportunite-de-collaboration","status":"publish","type":"page","link":"https:\/\/infosbooster.com\/?page_id=565","title":{"rendered":"Contactez-nous"},"content":{"rendered":"\n<p>Vous avez une question, une suggestion ou une opportunit\u00e9 de collaboration ? Notre \u00e9quipe est \u00e0 votre \u00e9coute !<\/p>\n\n\n\n<h2 class=\"wp-block-heading\">\ud83d\udce9 <strong>Nous \u00e9crire<\/strong><\/h2>\n\n\n\n<p>Remplissez le formulaire ci-dessous ou envoyez-nous un e-mail \u00e0 <strong>[<a>contact@infosbooster.com<\/a>]<\/strong>. Nous vous r\u00e9pondrons dans les plus brefs d\u00e9lais.<\/p>\n\n\n\n<h2 class=\"wp-block-heading\">\ud83d\udcde <strong>Nous appeler<\/strong><\/h2>\n\n\n\n<p>Besoin d\u2019une r\u00e9ponse rapide ? Contactez-nous par t\u00e9l\u00e9phone au <strong>[Tel: +237 656 84 81 87]<\/strong>.<\/p>\n\n\n\n<h2 class=\"wp-block-heading\">\ud83c\udf0d <strong>Nous suivre<\/strong><\/h2>\n\n\n\n<p>Restez connect\u00e9s avec nous sur nos r\u00e9seaux sociaux pour ne rien manquer de nos derni\u00e8res actualit\u00e9s et mises \u00e0 jour.<\/p>\n\n\n\n<p>\ud83d\udd39 <a href=\"#\">Facebook<\/a><br>\ud83d\udd39 <a href=\"#\">Twitter<\/a><br>\ud83d\udd39 <a href=\"#\">Instagram<\/a><\/p>\n\n\n\n<p>Nous sommes impatients de vous lire et d&rsquo;\u00e9changer avec vous !<\/p>\n\n\n\n<h2 class=\"wp-block-heading\" id=\"h-formulaire-de-contact\">Formulaire de contact<\/h2>\n\n\n\n<div class=\"wp-block-contact-form-7-contact-form-selector\">[contact-form-7 id=\u00a0\u00bb567&Prime; title=\u00a0\u00bbContact Form Example\u00a0\u00bb]<\/div>\n","protected":false},"excerpt":{"rendered":"<p>Vous avez une question, une suggestion ou une opportunit\u00e9 de collaboration ? Notre \u00e9quipe est \u00e0 votre \u00e9coute ! \ud83d\udce9 Nous \u00e9crire Remplissez le formulaire ci-dessous ou envoyez-nous un e-mail \u00e0 [contact@infosbooster.com]. Nous vous r\u00e9pondrons dans les plus brefs d\u00e9lais. \ud83d\udcde Nous appeler Besoin d\u2019une r\u00e9ponse rapide ? Contactez-nous par t\u00e9l\u00e9phone au [Tel: +237 656<\/p>\n","protected":false},"author":1,"featured_media":0,"parent":0,"menu_order":0,"comment_status":"closed","ping_status":"closed","template":"","meta":{"footnotes":""},"class_list":["post-565","page","type-page","status-publish"],"_links":{"self":[{"href":"https:\/\/infosbooster.com\/index.php?rest_route=\/wp\/v2\/pages\/565","targetHints":{"allow":["GET"]}}],"collection":[{"href":"https:\/\/infosbooster.com\/index.php?rest_route=\/wp\/v2\/pages"}],"about":[{"href":"https:\/\/infosbooster.com\/index.php?rest_route=\/wp\/v2\/types\/page"}],"author":[{"embeddable":true,"href":"https:\/\/infosbooster.com\/index.php?rest_route=\/wp\/v2\/users\/1"}],"replies":[{"embeddable":true,"href":"https:\/\/infosbooster.com\/index.php?rest_route=%2Fwp%2Fv2%2Fcomments&post=565"}],"version-history":[{"count":7,"href":"https:\/\/infosbooster.com\/index.php?rest_route=\/wp\/v2\/pages\/565\/revisions"}],"predecessor-version":[{"id":9747,"href":"https:\/\/infosbooster.com\/index.php?rest_route=\/wp\/v2\/pages\/565\/revisions\/9747"}],"wp:attachment":[{"href":"https:\/\/infosbooster.com\/index.php?rest_route=%2Fwp%2Fv2%2Fmedia&parent=565"}],"curies":[{"name":"wp","href":"https:\/\/api.w.org\/{rel}","templated":true}]}}